{"id":4604,"date":"2022-06-15T11:41:17","date_gmt":"2022-06-15T10:41:17","guid":{"rendered":"https:\/\/eneida.io\/projekte\/"},"modified":"2024-05-14T10:41:21","modified_gmt":"2024-05-14T09:41:21","slug":"projekte","status":"publish","type":"page","link":"https:\/\/eneida.io\/de\/projekte\/","title":{"rendered":"Projekte"},"content":{"rendered":"<p>[et_pb_section fb_built=&#8220;1&#8243; admin_label=&#8220;Hero&#8220; _builder_version=&#8220;4.17.0&#8243; _module_preset=&#8220;default&#8220; background_enable_color=&#8220;off&#8220; background_enable_image=&#8220;off&#8220; background_video_mp4=&#8220;https:\/\/eneida.io\/wp-content\/uploads\/2022\/05\/home_hero2.mp4&#8243; min_height=&#8220;550px&#8220; min_height_tablet=&#8220;900px&#8220; min_height_phone=&#8220;&#8220; min_height_last_edited=&#8220;on|desktop&#8220; height_tablet=&#8220;900px&#8220; height_phone=&#8220;550px&#8220; height_last_edited=&#8220;on|desktop&#8220; custom_padding=&#8220;|0px||||&#8220; da_disable_devices=&#8220;off|off|off&#8220; global_colors_info=&#8220;{}&#8220; da_is_popup=&#8220;off&#8220; da_exit_intent=&#8220;off&#8220; da_has_close=&#8220;on&#8220; da_alt_close=&#8220;off&#8220; da_dark_close=&#8220;off&#8220; da_not_modal=&#8220;on&#8220; da_is_singular=&#8220;off&#8220; da_with_loader=&#8220;off&#8220; da_has_shadow=&#8220;on&#8220;][et_pb_row _builder_version=&#8220;4.17.0&#8243; _module_preset=&#8220;default&#8220; positioning=&#8220;absolute&#8220; position_origin_a=&#8220;center_center&#8220; vertical_offset=&#8220;90px&#8220; z_index=&#8220;100&#8243; position_origin_a_tablet=&#8220;center_center&#8220; position_origin_a_phone=&#8220;top_center&#8220; position_origin_a_last_edited=&#8220;on|phone&#8220; position_origin_f_tablet=&#8220;&#8220; position_origin_f_phone=&#8220;&#8220; position_origin_f_last_edited=&#8220;on|phone&#8220; position_origin_r_tablet=&#8220;&#8220; position_origin_r_phone=&#8220;&#8220; position_origin_r_last_edited=&#8220;on|phone&#8220; positioning_tablet=&#8220;absolute&#8220; positioning_phone=&#8220;absolute&#8220; positioning_last_edited=&#8220;on|phone&#8220; global_colors_info=&#8220;{}&#8220;][et_pb_column type=&#8220;4_4&#8243; _builder_version=&#8220;4.17.0&#8243; _module_preset=&#8220;default&#8220; global_colors_info=&#8220;{}&#8220;][et_pb_text _builder_version=&#8220;4.17.0&#8243; _module_preset=&#8220;default&#8220; text_font=&#8220;Inter|700|||||||&#8220; text_font_size=&#8220;24px&#8220; text_line_height=&#8220;140%&#8220; text_orientation=&#8220;center&#8220; custom_margin=&#8220;0px||0px||false|false&#8220; custom_padding=&#8220;0px||20px||false|false&#8220; animation_style=&#8220;fade&#8220; animation_duration=&#8220;1300ms&#8220; animation_delay=&#8220;200ms&#8220; text_font_size_tablet=&#8220;24px&#8220; text_font_size_phone=&#8220;24px&#8220; text_font_size_last_edited=&#8220;on|phone&#8220; global_colors_info=&#8220;{}&#8220;]<\/p>\n<p>Projekte<\/p>\n<p>[\/et_pb_text][et_pb_text _builder_version=&#8220;4.17.0&#8243; _module_preset=&#8220;default&#8220; header_font=&#8220;Inter|700|||||||&#8220; header_text_align=&#8220;center&#8220; header_text_color=&#8220;#ffffff&#8220; header_font_size=&#8220;70px&#8220; header_line_height=&#8220;120%&#8220; custom_margin=&#8220;0px||0px||false|false&#8220; custom_padding=&#8220;0px||10px||false|false&#8220; animation_style=&#8220;fade&#8220; animation_duration=&#8220;1300ms&#8220; animation_delay=&#8220;350ms&#8220; header_font_size_tablet=&#8220;70px&#8220; header_font_size_phone=&#8220;39px&#8220; header_font_size_last_edited=&#8220;on|phone&#8220; global_colors_info=&#8220;{}&#8220;]<\/p>\n<h1><span>Gemeinsam sind wir Vorreiter bei der Bek\u00e4mpfung des Klimawandels<\/span><\/h1>\n<p>[\/et_pb_text][\/et_pb_column][\/et_pb_row][\/et_pb_section][et_pb_section fb_built=&#8220;1&#8243; admin_label=&#8220;Intro&#8220; _builder_version=&#8220;4.17.0&#8243; _module_preset=&#8220;default&#8220; custom_margin=&#8220;0px||0px||false|false&#8220; custom_padding=&#8220;||0px||false|false&#8220; da_disable_devices=&#8220;off|off|off&#8220; global_colors_info=&#8220;{}&#8220; da_is_popup=&#8220;off&#8220; da_exit_intent=&#8220;off&#8220; da_has_close=&#8220;on&#8220; da_alt_close=&#8220;off&#8220; da_dark_close=&#8220;off&#8220; da_not_modal=&#8220;on&#8220; da_is_singular=&#8220;off&#8220; da_with_loader=&#8220;off&#8220; da_has_shadow=&#8220;on&#8220;][et_pb_row custom_padding_last_edited=&#8220;on|desktop&#8220; admin_label=&#8220;Row&#8220; _builder_version=&#8220;4.17.0&#8243; _module_preset=&#8220;default&#8220; background_color=&#8220;#FFFFFF&#8220; custom_margin=&#8220;-120px||0px||false|false&#8220; custom_margin_tablet=&#8220;-50px||||false|false&#8220; custom_margin_phone=&#8220;0px||||false|false&#8220; custom_margin_last_edited=&#8220;on|desktop&#8220; custom_padding=&#8220;0px|130px|0px|130px|false|true&#8220; custom_padding_tablet=&#8220;|0px||0px|false|true&#8220; custom_padding_phone=&#8220;|0px||0px|false|true&#8220; animation_style=&#8220;slide&#8220; animation_direction=&#8220;bottom&#8220; animation_delay=&#8220;750ms&#8220; animation_intensity_slide=&#8220;5%&#8220; animation_starting_opacity=&#8220;100%&#8220; background_color_tablet=&#8220;RGBA(255,255,255,0)&#8220; background_last_edited=&#8220;on|desktop&#8220; background_enable_color_tablet=&#8220;on&#8220; global_colors_info=&#8220;{}&#8220;][et_pb_column type=&#8220;4_4&#8243; _builder_version=&#8220;4.17.0&#8243; _module_preset=&#8220;default&#8220; global_colors_info=&#8220;{}&#8220;][et_pb_text _builder_version=&#8220;4.17.0&#8243; _module_preset=&#8220;default&#8220; header_3_font=&#8220;Inter||||||||&#8220; header_3_font_size=&#8220;30px&#8220; header_3_line_height=&#8220;140%&#8220; custom_padding=&#8220;100px||40px||false|false&#8220; custom_padding_tablet=&#8220;100px||40px||false|false&#8220; custom_padding_phone=&#8220;40px||20px||false|false&#8220; custom_padding_last_edited=&#8220;on|phone&#8220; scroll_horizontal_motion=&#8220;0|28|28|42|2|1|0&#8243; scroll_fade=&#8220;0|28|28|42|0|50%|100&#8243; header_3_font_size_tablet=&#8220;36px&#8220; header_3_font_size_phone=&#8220;24px&#8220; header_3_font_size_last_edited=&#8220;on|phone&#8220; global_colors_info=&#8220;{}&#8220;]<\/p>\n<h3>eneida.io f\u00f6rdert die Dekarbonisierung durch verschiedene Projekte und Anwendungsf\u00e4lle. <span style=\"font-weight: 300;\"><br \/>\nWir etablieren Partnerschaften mit Energieunternehmen, Gemeinschaften, Verteilnetzbetreibern, Universit\u00e4ten und Forschungsinstituten, um den \u00dcbergang zu emissionsfreien Wohnvierteln zu beschleunigen.<\/span><\/h3>\n<p>[\/et_pb_text][\/et_pb_column][\/et_pb_row][\/et_pb_section][et_pb_section fb_built=&#8220;1&#8243; custom_padding_last_edited=&#8220;on|desktop&#8220; admin_label=&#8220;EdgeSense&#8220; module_id=&#8220;Firmware&#8220; _builder_version=&#8220;4.17.0&#8243; _module_preset=&#8220;default&#8220; custom_margin=&#8220;||||false|false&#8220; custom_margin_tablet=&#8220;||||false|false&#8220; custom_margin_phone=&#8220;||||false|false&#8220; custom_margin_last_edited=&#8220;on|desktop&#8220; custom_padding=&#8220;0px||30px||false|false&#8220; custom_padding_tablet=&#8220;0px||30px||false|false&#8220; custom_padding_phone=&#8220;0px||30px||false|false&#8220; da_disable_devices=&#8220;off|off|off&#8220; locked=&#8220;off&#8220; global_colors_info=&#8220;{}&#8220; da_is_popup=&#8220;off&#8220; da_exit_intent=&#8220;off&#8220; da_has_close=&#8220;on&#8220; da_alt_close=&#8220;off&#8220; da_dark_close=&#8220;off&#8220; da_not_modal=&#8220;on&#8220; da_is_singular=&#8220;off&#8220; da_with_loader=&#8220;off&#8220; da_has_shadow=&#8220;on&#8220;][et_pb_row _builder_version=&#8220;4.18.0&#8243; _module_preset=&#8220;default&#8220; width=&#8220;100%&#8220; max_width=&#8220;1300px&#8220; global_colors_info=&#8220;{}&#8220;][et_pb_column type=&#8220;4_4&#8243; _builder_version=&#8220;4.18.0&#8243; _module_preset=&#8220;default&#8220; global_colors_info=&#8220;{}&#8220;][et_pb_de_mach_archive_loop post_type_choose=&#8220;off|off|off|off|off|off|off|on|off&#8220; loop_layout=&#8220;4247&#8243; equal_height=&#8220;on&#8220; columns=&#8220;1&#8243; columns_tablet=&#8220;1&#8243; _builder_version=&#8220;4.18.0&#8243; _module_preset=&#8220;default&#8220; hover_enabled=&#8220;0&#8243; global_colors_info=&#8220;{}&#8220; sort_order=&#8220;title&#8220; sticky_enabled=&#8220;0&#8243;][\/et_pb_de_mach_archive_loop][\/et_pb_column][\/et_pb_row][\/et_pb_section][et_pb_section fb_built=&#8220;1&#8243; admin_label=&#8220;Imagem \/ Video&#8220; _builder_version=&#8220;4.17.0&#8243; _module_preset=&#8220;default&#8220; background_enable_color=&#8220;off&#8220; use_background_color_gradient=&#8220;on&#8220; background_color_gradient_stops=&#8220;rgba(0,0,0,0.2) 0%|rgba(0,0,0,0.2) 99%&#8220; background_color_gradient_overlays_image=&#8220;on&#8220; background_image=&#8220;https:\/\/eneida.io\/wp-content\/uploads\/2022\/06\/IMG_5371-copy_web-min.jpg&#8220; background_enable_video_mp4=&#8220;off&#8220; allow_player_pause=&#8220;on&#8220; min_height=&#8220;700px&#8220; height_tablet=&#8220;700px&#8220; height_phone=&#8220;700px&#8220; height_last_edited=&#8220;on|desktop&#8220; custom_margin=&#8220;||||false|false&#8220; custom_margin_tablet=&#8220;100px||||false|false&#8220; custom_margin_phone=&#8220;0px||||false|false&#8220; custom_margin_last_edited=&#8220;on|phone&#8220; custom_padding=&#8220;||||false|false&#8220; scroll_scaling_enable=&#8220;on&#8220; scroll_scaling=&#8220;15|30|30|45|80%|90%|100&#8243; da_disable_devices=&#8220;off|off|off&#8220; global_colors_info=&#8220;{}&#8220; da_is_popup=&#8220;off&#8220; da_exit_intent=&#8220;off&#8220; da_has_close=&#8220;on&#8220; da_alt_close=&#8220;off&#8220; da_dark_close=&#8220;off&#8220; da_not_modal=&#8220;on&#8220; da_is_singular=&#8220;off&#8220; da_with_loader=&#8220;off&#8220; da_has_shadow=&#8220;on&#8220;][et_pb_row custom_padding_last_edited=&#8220;on|phone&#8220; _builder_version=&#8220;4.17.0&#8243; _module_preset=&#8220;default&#8220; positioning=&#8220;absolute&#8220; position_origin_a=&#8220;center_center&#8220; custom_padding=&#8220;|120px||120px|false|true&#8220; custom_padding_tablet=&#8220;|120px||120px|false|true&#8220; custom_padding_phone=&#8220;|0px||0px|false|true&#8220; global_colors_info=&#8220;{}&#8220;][et_pb_column type=&#8220;4_4&#8243; _builder_version=&#8220;4.17.0&#8243; _module_preset=&#8220;default&#8220; global_colors_info=&#8220;{}&#8220;][et_pb_text _builder_version=&#8220;4.17.0&#8243; _module_preset=&#8220;default&#8220; text_font=&#8220;Inter|600|||||||&#8220; text_text_color=&#8220;#FFFFFF&#8220; text_font_size=&#8220;32px&#8220; text_line_height=&#8220;140%&#8220; text_orientation=&#8220;center&#8220; custom_padding=&#8220;||30px||false|true&#8220; scroll_fade_enable=&#8220;on&#8220; scroll_fade=&#8220;5|10|10|15|0|50%|100&#8243; text_font_size_tablet=&#8220;32px&#8220; text_font_size_phone=&#8220;24px&#8220; text_font_size_last_edited=&#8220;on|tablet&#8220; global_colors_info=&#8220;{}&#8220;]<\/p>\n<p><span>Wir f\u00fchren gemeinschaftliche Projekte unter dem Konzept \u201aNeighborhood of People\u2018 durch, bei denen wir das Wissen von Experten aus der ganzen Welt nutzen.<\/span><\/p>\n<p>[\/et_pb_text][et_pb_button button_url=&#8220;@ET-DC@eyJkeW5hbWljIjp0cnVlLCJjb250ZW50IjoicG9zdF9saW5rX3VybF9wYWdlIiwic2V0dGluZ3MiOnsicG9zdF9pZCI6IjQzMiJ9fQ==@&#8220; button_text=&#8220;MEHR \u00dcBER UNS ERFAHREN&#8220; button_alignment=&#8220;center&#8220; _builder_version=&#8220;4.17.0&#8243; _dynamic_attributes=&#8220;button_url&#8220; _module_preset=&#8220;default&#8220; custom_button=&#8220;on&#8220; button_font=&#8220;Inter|600|||||||&#8220; custom_padding=&#8220;10px|30px|10px|30px|true|true&#8220; scroll_fade_enable=&#8220;on&#8220; scroll_fade=&#8220;5|10|10|15|0|100|100&#8243; button_border_radius_tablet=&#8220;&#8220; button_border_radius_phone=&#8220;&#8220; button_border_radius_last_edited=&#8220;on|desktop&#8220; box_shadow_style=&#8220;preset3&#8243; box_shadow_vertical=&#8220;0px&#8220; box_shadow_blur=&#8220;0px&#8220; box_shadow_color=&#8220;rgba(255,214,59,0.4)&#8220; global_colors_info=&#8220;{}&#8220; button_border_width__hover_enabled=&#8220;on|hover&#8220; button_border_width__hover=&#8220;&#8220; button_border_radius__hover_enabled=&#8220;on|hover&#8220; button_border_radius__hover=&#8220;3px&#8220; box_shadow_blur__hover_enabled=&#8220;on|hover&#8220; box_shadow_blur__hover=&#8220;18px&#8220; box_shadow_vertical__hover_enabled=&#8220;on|hover&#8220; box_shadow_vertical__hover=&#8220;12px&#8220;][\/et_pb_button][\/et_pb_column][\/et_pb_row][\/et_pb_section]<\/p>\n","protected":false},"excerpt":{"rendered":"<p>ProjekteGemeinsam sind wir Vorreiter bei der Bek\u00e4mpfung des Klimawandelseneida.io f\u00f6rdert die Dekarbonisierung durch verschiedene Projekte und Anwendungsf\u00e4lle. Wir etablieren Partnerschaften mit Energieunternehmen, Gemeinschaften, Verteilnetzbetreibern, Universit\u00e4ten und Forschungsinstituten, um den \u00dcbergang zu emissionsfreien Wohnvierteln zu beschleunigen.Wir f\u00fchren gemeinschaftliche Projekte unter dem Konzept \u201aNeighborhood of People\u2018 durch, bei denen wir das Wissen von Experten aus der ganzen [&hellip;]<\/p>\n","protected":false},"author":1,"featured_media":4467,"parent":0,"menu_order":0,"comment_status":"closed","ping_status":"closed","template":"","meta":{"_et_pb_use_builder":"on","_et_pb_old_content":"","_et_gb_content_width":"","footnotes":""},"class_list":["post-4604","page","type-page","status-publish","has-post-thumbnail","hentry"],"acf":[],"_links":{"self":[{"href":"https:\/\/eneida.io\/de\/wp-json\/wp\/v2\/pages\/4604","targetHints":{"allow":["GET"]}}],"collection":[{"href":"https:\/\/eneida.io\/de\/wp-json\/wp\/v2\/pages"}],"about":[{"href":"https:\/\/eneida.io\/de\/wp-json\/wp\/v2\/types\/page"}],"author":[{"embeddable":true,"href":"https:\/\/eneida.io\/de\/wp-json\/wp\/v2\/users\/1"}],"replies":[{"embeddable":true,"href":"https:\/\/eneida.io\/de\/wp-json\/wp\/v2\/comments?post=4604"}],"version-history":[{"count":11,"href":"https:\/\/eneida.io\/de\/wp-json\/wp\/v2\/pages\/4604\/revisions"}],"predecessor-version":[{"id":4743,"href":"https:\/\/eneida.io\/de\/wp-json\/wp\/v2\/pages\/4604\/revisions\/4743"}],"wp:featuredmedia":[{"embeddable":true,"href":"https:\/\/eneida.io\/de\/wp-json\/wp\/v2\/media\/4467"}],"wp:attachment":[{"href":"https:\/\/eneida.io\/de\/wp-json\/wp\/v2\/media?parent=4604"}],"curies":[{"name":"wp","href":"https:\/\/api.w.org\/{rel}","templated":true}]}}