{"id":4657,"date":"2022-05-02T10:55:33","date_gmt":"2022-05-02T09:55:33","guid":{"rendered":"https:\/\/eneida.io\/datenschutzerklaerung\/"},"modified":"2024-05-07T11:18:17","modified_gmt":"2024-05-07T10:18:17","slug":"datenschutzerklaerung","status":"publish","type":"page","link":"https:\/\/eneida.io\/de\/datenschutzerklaerung\/","title":{"rendered":"Datenschutzerkl\u00e4rung"},"content":{"rendered":"<p>[et_pb_section fb_built=&#8220;1&#8243; custom_padding_last_edited=&#8220;on|desktop&#8220; admin_label=&#8220;Hero&#8220; _builder_version=&#8220;4.18.0&#8243; _module_preset=&#8220;default&#8220; background_color=&#8220;#f9f9f9&#8243; background_enable_video_mp4=&#8220;off&#8220; min_height_tablet=&#8220;auto&#8220; min_height_phone=&#8220;&#8220; min_height_last_edited=&#8220;on|phone&#8220; height_tablet=&#8220;auto&#8220; height_phone=&#8220;&#8220; height_last_edited=&#8220;on|tablet&#8220; custom_margin=&#8220;||0px||false|false&#8220; custom_padding=&#8220;||||false|false&#8220; custom_padding_tablet=&#8220;||0px||false|false&#8220; custom_padding_phone=&#8220;||||false|false&#8220; hover_enabled=&#8220;0&#8243; global_colors_info=&#8220;{}&#8220; custom_padding__hover_enabled=&#8220;on|desktop&#8220; custom_padding__hover=&#8220;||||false|false&#8220; sticky_enabled=&#8220;0&#8243;][et_pb_row _builder_version=&#8220;4.17.0&#8243; _module_preset=&#8220;default&#8220; positioning=&#8220;none&#8220; position_origin_a=&#8220;top_center&#8220; vertical_offset=&#8220;130px&#8220; z_index=&#8220;100&#8243; custom_margin=&#8220;0px||0px||false|false&#8220; custom_padding=&#8220;0px||0px||false|false&#8220; global_colors_info=&#8220;{}&#8220;][et_pb_column type=&#8220;4_4&#8243; _builder_version=&#8220;4.17.0&#8243; _module_preset=&#8220;default&#8220; global_colors_info=&#8220;{}&#8220;][et_pb_text _builder_version=&#8220;4.17.0&#8243; _module_preset=&#8220;default&#8220; header_font=&#8220;Inter|700|||||||&#8220; header_text_align=&#8220;center&#8220; header_text_color=&#8220;#2e3f51&#8243; header_font_size=&#8220;70px&#8220; header_line_height=&#8220;120%&#8220; custom_margin=&#8220;0px||0px||false|false&#8220; custom_padding=&#8220;0px||10px||false|false&#8220; animation_style=&#8220;fade&#8220; animation_duration=&#8220;1300ms&#8220; animation_delay=&#8220;350ms&#8220; header_font_size_tablet=&#8220;70px&#8220; header_font_size_phone=&#8220;39px&#8220; header_font_size_last_edited=&#8220;on|phone&#8220; global_colors_info=&#8220;{}&#8220;]<\/p>\n<h1>Datenschutzerkl\u00e4rung<\/h1>\n<p>[\/et_pb_text][\/et_pb_column][\/et_pb_row][\/et_pb_section][et_pb_section fb_built=&#8220;1&#8243; admin_label=&#8220;What We Do&#8220; _builder_version=&#8220;4.17.0&#8243; _module_preset=&#8220;default&#8220; background_color=&#8220;#f9f9f9&#8243; custom_margin=&#8220;0px||||false|false&#8220; custom_padding=&#8220;40px||||false|false&#8220; hover_enabled=&#8220;0&#8243; global_colors_info=&#8220;{}&#8220; sticky_enabled=&#8220;0&#8243;][et_pb_row admin_label=&#8220;Row&#8220; _builder_version=&#8220;4.17.0&#8243; _module_preset=&#8220;default&#8220; background_color=&#8220;#f9f9f9&#8243; custom_margin=&#8220;0px||||false|false&#8220; custom_padding=&#8220;0px|0px||0px|false|true&#8220; global_colors_info=&#8220;{}&#8220;][et_pb_column type=&#8220;4_4&#8243; _builder_version=&#8220;4.17.0&#8243; _module_preset=&#8220;default&#8220; global_colors_info=&#8220;{}&#8220;][et_pb_text _builder_version=&#8220;4.17.0&#8243; _module_preset=&#8220;default&#8220; text_font=&#8220;Inter|300|||||||&#8220; text_font_size=&#8220;18px&#8220; text_line_height=&#8220;140%&#8220; custom_margin=&#8220;0px||||false|false&#8220; custom_padding=&#8220;0px||20px||false|false&#8220; scroll_horizontal_motion=&#8220;0|28|28|42|2|1|0&#8243; scroll_fade=&#8220;0|28|28|42|0|50%|100&#8243; global_colors_info=&#8220;{}&#8220;]<\/p>\n<div class=\"et_pb_with_border et_pb_module et_pb_text et_pb_text_0 et_pb_text_align_left et_pb_bg_layout_light\">\n<div class=\"et_pb_text_inner\">\n<p>Eneida.IO, der Betreiber der Website https:\/\/eneida.io, verpflichtet sich, Ihre personenbezogenen Daten zu sch\u00fctzen und die Datenschutzgesetze gem\u00e4\u00df der geltenden Gesetzgebung, insbesondere der Verordnung (EU) 2016\/679 des Europ\u00e4ischen Parlaments vom 27. April 2016 (DSGVO), die seit dem 25. Mai 2018 wirksam ist, einzuhalten.<\/p>\n<p>ENEIDA.IO beh\u00e4lt sich das Recht vor, die in dieser Erkl\u00e4rung enthaltenen Informationen bei Bedarf zu aktualisieren.<\/p>\n<p>In der folgenden Tabelle sind alle gesammelten Daten sowie die Verarbeitung und die rechtlichen Grundlagen f\u00fcr ihre Verwendung aufgef\u00fchrt:<\/p>\n<\/div>\n<\/div>\n<p>[\/et_pb_text][\/et_pb_column][\/et_pb_row][et_pb_row admin_label=&#8220;Row&#8220; _builder_version=&#8220;4.17.0&#8243; _module_preset=&#8220;default&#8220; background_color=&#8220;#f9f9f9&#8243; custom_margin=&#8220;||||false|false&#8220; custom_padding=&#8220;0px|0px||0px|false|true&#8220; global_colors_info=&#8220;{}&#8220;][et_pb_column type=&#8220;4_4&#8243; _builder_version=&#8220;4.17.0&#8243; _module_preset=&#8220;default&#8220; global_colors_info=&#8220;{}&#8220;][et_pb_accordion open_toggle_background_color=&#8220;#FFFFFF&#8220; closed_toggle_background_color=&#8220;#FFFFFF&#8220; icon_color=&#8220;#00457A&#8220; use_icon_font_size=&#8220;on&#8220; icon_font_size=&#8220;21px&#8220; _builder_version=&#8220;4.17.0&#8243; _module_preset=&#8220;default&#8220; global_colors_info=&#8220;{}&#8220;][et_pb_accordion_item title=&#8220;Kontakte&#8220; open=&#8220;on&#8220; open_toggle_text_color=&#8220;#2e3f51&#8243; icon_color=&#8220;#f9f9f9&#8243; _builder_version=&#8220;4.17.0&#8243; _module_preset=&#8220;default&#8220; body_font=&#8220;Inter|300|||||||&#8220; body_font_size=&#8220;18px&#8220; body_line_height=&#8220;140%&#8220; border_width_all=&#8220;2px&#8220; border_color_all=&#8220;#f9f9f9&#8243; global_colors_info=&#8220;{}&#8220; toggle_font=&#8220;Inter|600|||||||&#8220; toggle_font_size=&#8220;24px&#8220; toggle_line_height=&#8220;140%&#8220; closed_toggle_font=&#8220;Inter|600|||||||&#8220; closed_toggle_font_size=&#8220;24px&#8220; closed_toggle_line_height=&#8220;140%&#8220;]<\/p>\n<p><strong>Kategorie:<\/strong> Name, E-Mail-Adresse<\/p>\n<p><strong>Rechtsgrundlage: <\/strong> Einwilligung<\/p>\n<p><strong>Aufbewahrungsfrist:<\/strong> bis zum Widerruf<\/p>\n<p>[\/et_pb_accordion_item][et_pb_accordion_item title=&#8220;Cookies&#8220; open_toggle_text_color=&#8220;#2e3f51&#8243; icon_color=&#8220;#f9f9f9&#8243; _builder_version=&#8220;4.17.0&#8243; _module_preset=&#8220;default&#8220; body_font=&#8220;Inter|300|||||||&#8220; body_font_size=&#8220;18px&#8220; body_line_height=&#8220;140%&#8220; border_width_all=&#8220;2px&#8220; border_color_all=&#8220;#f9f9f9&#8243; global_colors_info=&#8220;{}&#8220; toggle_font=&#8220;Inter|600|||||||&#8220; toggle_font_size=&#8220;24px&#8220; toggle_line_height=&#8220;140%&#8220; closed_toggle_font=&#8220;Inter|600|||||||&#8220; closed_toggle_font_size=&#8220;24px&#8220; closed_toggle_line_height=&#8220;140%&#8220; open=&#8220;off&#8220;]<\/p>\n<p><strong>Kategorie:<\/strong> Herkunft, analytics ID<\/p>\n<p><strong>Rechtsgrundlage:<\/strong> Einwilligung<\/p>\n<p><strong>Aufbewahrungsfrist:<\/strong> bis zum Widerruf<\/p>\n<p>[\/et_pb_accordion_item][\/et_pb_accordion][\/et_pb_column][\/et_pb_row][et_pb_row custom_padding_last_edited=&#8220;on|tablet&#8220; admin_label=&#8220;Row&#8220; _builder_version=&#8220;4.17.0&#8243; _module_preset=&#8220;default&#8220; background_color=&#8220;#f9f9f9&#8243; custom_margin=&#8220;-120px||||false|false&#8220; custom_padding=&#8220;0px|130px|90px|130px|false|true&#8220; custom_padding_tablet=&#8220;|0px||0px|false|true&#8220; custom_padding_phone=&#8220;|0px||0px|false|true&#8220; global_colors_info=&#8220;{}&#8220;][et_pb_column type=&#8220;4_4&#8243; _builder_version=&#8220;4.17.0&#8243; _module_preset=&#8220;default&#8220; global_colors_info=&#8220;{}&#8220;][et_pb_text _builder_version=&#8220;4.17.0&#8243; _module_preset=&#8220;default&#8220; text_font=&#8220;Inter|300|||||||&#8220; text_font_size=&#8220;18px&#8220; text_line_height=&#8220;140%&#8220; custom_padding=&#8220;60px|0px|20px|0px|false|true&#8220; scroll_horizontal_motion=&#8220;0|28|28|42|2|1|0&#8243; scroll_fade=&#8220;0|28|28|42|0|50%|100&#8243; global_colors_info=&#8220;{}&#8220;]<\/p>\n<div class=\"et_pb_with_border et_pb_module et_pb_text et_pb_text_0 et_pb_text_align_left et_pb_bg_layout_light\">\n<div class=\"et_pb_text_inner\">\n<p><strong>Verarbeitung, Behandlung und Weiterleitung<\/strong><\/p>\n<p>Eneida.IO kann Ihre Daten in gutem Glauben weitergeben, wenn es notwendig ist, um:<\/p>\n<ul>\n<li>rechtlichen Verpflichtungen nachzukommen;<\/li>\n<li>das Eigentum oder die Rechte von Eneida.IO zu sch\u00fctzen und zu verteidigen;<\/li>\n<li>Unregelm\u00e4\u00dfigkeiten im Zusammenhang mit der Website zu verhindern oder zu untersuchen;<\/li>\n<li><span style=\"font-size: 18px;\">die Sicherheit der Benutzer oder der \u00d6ffentlichkeit zu sch\u00fctzen;<\/span><\/li>\n<li>um sich vor rechtlicher Haftung zu sch\u00fctzen.<\/li>\n<\/ul>\n<p>Eneida.IO gibt die auf seiner Website eingegebenen pers\u00f6nlichen Daten nicht an Dritte weiter.<\/p>\n<p>Eneida.IO garantiert die Vertraulichkeit der auf unserer Website gesammelten pers\u00f6nlichen Daten und deren korrekte Verwendung.<\/p>\n<p>Alle angemessenen Schritte werden unternommen, um sicherzustellen, dass deine Daten sicher und in \u00dcbereinstimmung mit dieser Richtlinie und dem geltenden Recht behandelt werden.<\/p>\n<p><strong><\/strong><\/p>\n<p><strong>Kontakte<\/strong><\/p>\n<p>F\u00fcr weitere Informationen oder zur Aus\u00fcbung Ihrer Rechte gem\u00e4\u00df der DSGVO kontaktieren Sie bitte folgende E-Mail-Adresse: <a href=\"mailto:security@eneida.io\">security@eneida.io<\/a>.<\/p>\n<\/div>\n<\/div>\n<p>[\/et_pb_text][\/et_pb_column][\/et_pb_row][\/et_pb_section]<\/p>\n","protected":false},"excerpt":{"rendered":"<p>Datenschutzerkl\u00e4rung Eneida.IO, der Betreiber der Website https:\/\/eneida.io, verpflichtet sich, Ihre personenbezogenen Daten zu sch\u00fctzen und die Datenschutzgesetze gem\u00e4\u00df der geltenden Gesetzgebung, insbesondere der Verordnung (EU) 2016\/679 des Europ\u00e4ischen Parlaments vom 27. April 2016 (DSGVO), die seit dem 25. Mai 2018 wirksam ist, einzuhalten. ENEIDA.IO beh\u00e4lt sich das Recht vor, die in dieser Erkl\u00e4rung enthaltenen Informationen [&hellip;]<\/p>\n","protected":false},"author":1,"featured_media":4467,"parent":0,"menu_order":0,"comment_status":"closed","ping_status":"open","template":"","meta":{"_et_pb_use_builder":"on","_et_pb_old_content":"","_et_gb_content_width":"","footnotes":""},"class_list":["post-4657","page","type-page","status-publish","has-post-thumbnail","hentry"],"acf":[],"_links":{"self":[{"href":"https:\/\/eneida.io\/de\/wp-json\/wp\/v2\/pages\/4657","targetHints":{"allow":["GET"]}}],"collection":[{"href":"https:\/\/eneida.io\/de\/wp-json\/wp\/v2\/pages"}],"about":[{"href":"https:\/\/eneida.io\/de\/wp-json\/wp\/v2\/types\/page"}],"author":[{"embeddable":true,"href":"https:\/\/eneida.io\/de\/wp-json\/wp\/v2\/users\/1"}],"replies":[{"embeddable":true,"href":"https:\/\/eneida.io\/de\/wp-json\/wp\/v2\/comments?post=4657"}],"version-history":[{"count":5,"href":"https:\/\/eneida.io\/de\/wp-json\/wp\/v2\/pages\/4657\/revisions"}],"predecessor-version":[{"id":4662,"href":"https:\/\/eneida.io\/de\/wp-json\/wp\/v2\/pages\/4657\/revisions\/4662"}],"wp:featuredmedia":[{"embeddable":true,"href":"https:\/\/eneida.io\/de\/wp-json\/wp\/v2\/media\/4467"}],"wp:attachment":[{"href":"https:\/\/eneida.io\/de\/wp-json\/wp\/v2\/media?parent=4657"}],"curies":[{"name":"wp","href":"https:\/\/api.w.org\/{rel}","templated":true}]}}